{"id":5327,"date":"2026-03-26T16:19:36","date_gmt":"2026-03-26T16:19:36","guid":{"rendered":"https:\/\/zaharascents.me\/?post_type=product&#038;p=5327"},"modified":"2026-03-30T03:06:45","modified_gmt":"2026-03-30T03:06:45","slug":"lattafa-serif","status":"publish","type":"product","link":"https:\/\/zaharascents.me\/me\/shop\/lattafa-sherif\/","title":{"rendered":"Lattafa \u0160erif"},"content":{"rendered":"<h5>Hrskave kri\u0161ke zelene jabuke preko svje\u017eeg drveta<\/h5>\n<p class=\"translation-block\"><p><strong>Lattafa Sherif<\/strong> je vibrantna, energizuju\u0107a parfemska voda koja oduzima dah i majstorski hvata su\u0161tinu hrskavog prolje\u0107nog jutra u bo\u010dici. Udaljavaju\u0107i se od te\u0161kih, tamnih ambernih profila, ovo visoko i\u0161\u010dekivano izdanje isporu\u010duje nevjerovatno \u010disto, podi\u017eu\u0107e iskustvo koje djeluje i atletski i krojeno. Besprekorno odjekuju\u0107i premium, ultra-svje\u017eu auru ikoni\u010dnih niche remek-djela poput Parfums de Marly Greenley, ovaj parfem okru\u017euje onog ko ga nosi u masivni oblak so\u010dne zelene jabuke, poletnih citrusa i glatkog, prefinjenog drveta. To je apsolutno ultimativni parfemski potpis za toplo vrijeme, profesionalna okru\u017eenja i mu\u0161karce koji \u017eele da zra\u010de nenapornim, duboko osvje\u017eavaju\u0107im samopouzdanjem.<\/p><\/p>\n<h5>Mirisni profil i kompozicija<\/h5>\n<p>Putovanje po\u010dinje trenutno hvataju\u0107im uvodom od kog ide voda na usta. Masivni, energi\u010dni pljusak hrskave zelene jabuke savr\u0161eno je energizovan svijetlom, iskri\u010davom poletno\u0161\u0107u bergamota i blago zeljastim, kiselkastim ugrizom petitgraina. Ovaj dinami\u010dni uvod trenutno budi \u010dula, uspostavljaju\u0107i duboko \u010dist, atletski i sofisticiran prvi utisak.<\/p>\n<p>Kako se po\u010detna vo\u0107nost smiruje, srce otkriva ne\u010duveno glatko, aromati\u010dno drveno jezgro. \u010cist, moderni sloj premium Cashmerana predivno se topi uz klasi\u010dnu, \u010dvrstu eleganciju kedrovine, dok suptilni, puderasti dodir ljubi\u010dice dodaje taman toliko prefinjenosti da odr\u017ei kompoziciju luksuznom. Ova besprekorno kreirana srednja faza djeluje kao visoko-oktanski most, savr\u0161eno prevode\u0107i svijetle gornje note u duboko mu\u017eevnu, uzemljenu dubinu.<\/p>\n<p>Prava magija doga\u0111a se u zavr\u0161nim fazama, gdje se kompozicija spu\u0161ta u izvanredno magneti\u010dnu i dugotrajnu osnovu. Duboko svje\u017ea, zemljana rezonanca mahovine predivno je usidrena privla\u010dno\u0161\u0107u \u010distog mo\u0161usa stopljenog s ko\u017eom i u\u017earenom toplinom ambera. Ovaj vi\u0161eslojni, zeleno-drveni fini\u0161 osigurava masivnu projekciju koja ispunjava sobu i odi\u0161e \u010distom vitalno\u0161\u0107u i modernim \u0161armom tokom cijelog dana.<\/p>","protected":false},"excerpt":{"rendered":"<p><strong>LATTAFA KOLEKCIJA<\/strong><\/p>\n<p><strong>Za njega \/ Eau De Parfum \/ 100ml<\/strong><\/p>\n<p><strong>Inspiracija: <\/strong>Parfums de Marly Greenley<\/p>\n<p><strong>Mirisni profil: <\/strong>Drveni, Aromati\u010dni, Vo\u0107ni<\/p>\n<p><strong>Gornje note: <\/strong>Jabuka, Bergamot, Petitgrain<br \/>\n<strong>Srednje note: <\/strong>Cashmeran, Kedrovina, Ljubi\u010dica<br \/>\n<strong>Bazne note: <\/strong>Mahovina, Mo\u0161us, Amber<\/p>","protected":false},"featured_media":5328,"template":"","meta":[],"product_brand":[178],"product_cat":[90,103,85],"product_tag":[203],"class_list":{"0":"post-5327","1":"product","2":"type-product","3":"status-publish","4":"has-post-thumbnail","6":"product_brand-lattafa","7":"product_cat-eau-de-parfum","8":"product_cat-for-him","9":"product_cat-perfumes","10":"product_tag-lattafa","12":"first","13":"instock","14":"taxable","15":"shipping-taxable","16":"purchasable","17":"product-type-variable"},"_links":{"self":[{"href":"https:\/\/zaharascents.me\/me\/wp-json\/wp\/v2\/product\/5327","targetHints":{"allow":["GET"]}}],"collection":[{"href":"https:\/\/zaharascents.me\/me\/wp-json\/wp\/v2\/product"}],"about":[{"href":"https:\/\/zaharascents.me\/me\/wp-json\/wp\/v2\/types\/product"}],"wp:featuredmedia":[{"embeddable":true,"href":"https:\/\/zaharascents.me\/me\/wp-json\/wp\/v2\/media\/5328"}],"wp:attachment":[{"href":"https:\/\/zaharascents.me\/me\/wp-json\/wp\/v2\/media?parent=5327"}],"wp:term":[{"taxonomy":"product_brand","embeddable":true,"href":"https:\/\/zaharascents.me\/me\/wp-json\/wp\/v2\/product_brand?post=5327"},{"taxonomy":"product_cat","embeddable":true,"href":"https:\/\/zaharascents.me\/me\/wp-json\/wp\/v2\/product_cat?post=5327"},{"taxonomy":"product_tag","embeddable":true,"href":"https:\/\/zaharascents.me\/me\/wp-json\/wp\/v2\/product_tag?post=5327"}],"curies":[{"name":"wp","href":"https:\/\/api.w.org\/{rel}","templated":true}]}}