{"id":5330,"date":"2026-03-26T16:21:18","date_gmt":"2026-03-26T16:21:18","guid":{"rendered":"https:\/\/zaharascents.me\/?post_type=product&#038;p=5330"},"modified":"2026-05-02T00:39:49","modified_gmt":"2026-05-02T00:39:49","slug":"lattafa-masa","status":"publish","type":"product","link":"https:\/\/zaharascents.me\/me\/shop\/lattafa-masa\/","title":{"rendered":"Lattafa Masa"},"content":{"rendered":"<h5>So\u010dni mango u sudaru sa mineralnom ko\u017eom<\/h5>\n<p class=\"translation-block\"><p><strong>Lattafa Masa<\/strong> je avangardna parfemska voda iz presti\u017ene Pride kolekcije koja oduzima dah i potpuno razbija tradicionalna parfemska pravila. Udaljavaju\u0107i se od standardnih citrusnih ili te\u0161kih ambernih profila, ova duboko jedinstvena kreacija isporu\u010duje nevjerovatno moderno, visoko-modno iskustvo koje djeluje i ukusno vo\u0107no i hladno sofisticirano. Besprekorno odjekuju\u0107i ikoni\u010dnu, metalno-ko\u017enu auru niche remek-djela poput Marc-Antoine Barrois Ganymede, ali pro\u017eimaju\u0107i je masivnim pljuskom egzoti\u010dnog manga, ovaj parfem okru\u017euje onog ko ga nosi u zadivljuju\u0107i oblak so\u010dnog tropskog vo\u0107a, mineralnih akorda i glatke ko\u017ee. To je apsolutno ultimativni parfemski potpis za trendsetere, kreativne umove i svakoga ko \u017eeli da miri\u0161e neodoljivo skupo i potpuno jedinstveno.<\/p><\/p>\n<h5>Mirisni profil i kompozicija<\/h5>\n<p>Putovanje po\u010dinje trenutno hvataju\u0107im, egzoti\u010dnim uvodom. Masivan nalet slatkog manga od kog ide voda na usta savr\u0161eno je energizovan svijetlom poletno\u0161\u0107u limuna i egzoti\u010dnom, zlatnom toplinom premium \u0161afrana. Ovaj dinami\u010dni, blago za\u010dinjeni uvod trenutno budi \u010dula, uspostavljaju\u0107i duboko vibrantan i luksuzan prvi utisak.<\/p>\n<p>Kako se po\u010detna tropska vo\u0107nost smiruje, srce otkriva ne\u010duveno sofisticirano, blago zeleno jezgro. Gladak, ko\u017eni sloj osmanthusa predivno se topi uz svje\u017eu, ozonsku eleganciju lista ljubi\u010dice i suptilni, za\u010dinski udar \u0111umbira. Ova besprekorno kreirana srednja faza djeluje kao visoko-oktanski most, savr\u0161eno prevode\u0107i slatke gornje note u duboko modernu, atmosfersku dubinu.<\/p>\n<p>Prava magija doga\u0111a se u zavr\u0161nim fazama, gdje se kompozicija spu\u0161ta u izvanredno magneti\u010dnu i komanduju\u0107u osnovu. Duboko jedinstvena, atmosferska rezonanca mineralnih nota predivno je usidrena grubom privla\u010dno\u0161\u0107u meke jelenske ko\u017ee stopljene s tijelom i zemljanom toplinom pa\u010dulija. Ovaj vi\u0161eslojni, mineralno-ko\u017eni fini\u0161 osigurava masivnu projekciju koja ispunjava sobu i odi\u0161e \u010distim autoritetom i modernim \u0161armom tokom cijelog dana.<\/p>","protected":false},"excerpt":{"rendered":"<p><strong>PRIDE KOLEKCIJA<\/strong><\/p>\n<p><strong>Unisex \/ Eau De Parfum \/ 100ml<\/strong><\/p>\n<p><strong>Inspiracija: <\/strong>Marc-Antoine Barrois Ganymede (sa notom manga)<\/p>\n<p><strong>Mirisni profil: <\/strong>Vo\u0107ni, Mineralni, Ko\u017eni<\/p>\n<p><strong>Gornje note: <\/strong>Mango, \u0160afran, Limun, Rozi biber<br \/>\n<strong>Srednje note: <\/strong>Osmanthus, List ljubi\u010dice, Cvijet narand\u017ee, \u0110umbir<br \/>\n<strong>Bazne note: <\/strong>Mineralne note, Jelenska ko\u017ea, Pa\u010duli, Amber<\/p>","protected":false},"featured_media":5331,"template":"","meta":[],"product_brand":[178],"product_cat":[90,85,105],"product_tag":[203,208],"class_list":{"0":"post-5330","1":"product","2":"type-product","3":"status-publish","4":"has-post-thumbnail","6":"product_brand-lattafa","7":"product_cat-eau-de-parfum","8":"product_cat-perfumes","9":"product_cat-unisex","10":"product_tag-lattafa","11":"product_tag-pride-collection","13":"first","14":"instock","15":"taxable","16":"shipping-taxable","17":"purchasable","18":"product-type-variable"},"_links":{"self":[{"href":"https:\/\/zaharascents.me\/me\/wp-json\/wp\/v2\/product\/5330","targetHints":{"allow":["GET"]}}],"collection":[{"href":"https:\/\/zaharascents.me\/me\/wp-json\/wp\/v2\/product"}],"about":[{"href":"https:\/\/zaharascents.me\/me\/wp-json\/wp\/v2\/types\/product"}],"wp:featuredmedia":[{"embeddable":true,"href":"https:\/\/zaharascents.me\/me\/wp-json\/wp\/v2\/media\/5331"}],"wp:attachment":[{"href":"https:\/\/zaharascents.me\/me\/wp-json\/wp\/v2\/media?parent=5330"}],"wp:term":[{"taxonomy":"product_brand","embeddable":true,"href":"https:\/\/zaharascents.me\/me\/wp-json\/wp\/v2\/product_brand?post=5330"},{"taxonomy":"product_cat","embeddable":true,"href":"https:\/\/zaharascents.me\/me\/wp-json\/wp\/v2\/product_cat?post=5330"},{"taxonomy":"product_tag","embeddable":true,"href":"https:\/\/zaharascents.me\/me\/wp-json\/wp\/v2\/product_tag?post=5330"}],"curies":[{"name":"wp","href":"https:\/\/api.w.org\/{rel}","templated":true}]}}