{"id":5333,"date":"2026-03-26T16:22:51","date_gmt":"2026-03-26T16:22:51","guid":{"rendered":"https:\/\/zaharascents.me\/?post_type=product&#038;p=5333"},"modified":"2026-05-02T00:42:05","modified_gmt":"2026-05-02T00:42:05","slug":"lattafa-teriaq","status":"publish","type":"product","link":"https:\/\/zaharascents.me\/me\/shop\/lattafa-teriaq\/","title":{"rendered":"Lattafa Teriaq"},"content":{"rendered":"<h5>Te\u010dna karamela preko gorkog badema<\/h5>\n<p class=\"translation-block\"><p><strong>Lattafa Teriaq<\/strong> je revolucionarna, spektakularno bogata parfemska voda koja potpuno bri\u0161e granicu izme\u0111u vrhunske niche parfimerije i pristupa\u010dnog luksuza. Kreirana od strane svjetski poznatog majstora parfimera Quentina Bischa, ova zadivljuju\u0107a kreacija skre\u0107e sa tradicionalnih vo\u0107no-cvjetnih profila kako bi isporu\u010dila intenzivno zavisno, ko\u017eno-gurmansko iskustvo. Umotavaju\u0107i onog ko ga nosi u opojni oblak otopljene karamele, zlatnog meda i glatke ko\u017ee, ovo je apsolutno ultimativni parfemski potpis za one koji zahtijevaju maksimalnu projekciju, neospornu sofisticiranost i zaista nezaboravnu, jestivu toplinu.<\/p><\/p>\n<h5>Mirisni profil i kompozicija<\/h5>\n<p>Putovanje po\u010dinje ne\u010duveno dekadentnim uvodom od kog ide voda na usta. Masivan, luksuzni talas slatke karamele predivno je u kontrastu sa o\u0161trim, ora\u0161astim ugrizom gorkog badema i svijetlim pljuskom so\u010dne kajsije. Suptilni prstohvat rozog bibera dodaje savr\u0161eno izbalansiranu iskru, bude\u0107i \u010dula i uspostavljaju\u0107i duboko dinami\u010dan prvi utisak.<\/p>\n<p>Kako se po\u010detna slatko\u0107a smiruje, srce otkriva nevjerovatno glatko jezgro nalik nektaru. Gusti, ljepljivi sloj \u010distog meda sliva se preko kiselkaste, vibrantne elegancije svje\u017ee rabarbare, dok delikatan buket bijelog cvije\u0107a i ru\u017ee dodaje taman toliko cvjetne prefinjenosti da odr\u017ei kompoziciju elegantnom. Ova besprekorno kreirana srednja faza djeluje kao visoko-oktanski most, savr\u0161eno prevode\u0107i te\u0161ke gurmanske gornje note u duboko kompleksnu, sofisticiranu dubinu.<\/p>\n<p>Prava magija doga\u0111a se u zavr\u0161nim fazama, gdje se kompozicija spu\u0161ta u izvanredno magneti\u010dnu i komanduju\u0107u osnovu. Duboko topla, u\u017earena rezonanca \u010diste vanile predivno je usidrena grubom, skupom privla\u010dno\u0161\u0107u meke ko\u017ee i zemljanog vetivera. Dodiri labdanuma i \u010distog mo\u0161usa zaokru\u017euju ovaj vi\u0161eslojni fini\u0161, osiguravaju\u0107i kolosalnu projekciju koja ispunjava sobu i odi\u0161e \u010distim autoritetom i sirovom senzualno\u0161\u0107u od sumraka do zore.<\/p>","protected":false},"excerpt":{"rendered":"<p><strong>LATTAFA KOLEKCIJA<\/strong><\/p>\n<p><strong>Unisex \/ Eau De Parfum \/ 100ml<\/strong><\/p>\n<p><strong>Mirisni profil: <\/strong>Gurmanski, Ko\u017eni, Amberni<\/p>\n<p><strong>Gornje note: <\/strong>Karamela, Gorki badem, Kajsija, Rozi biber<br \/>\n<strong>Srednje note: <\/strong>Med, Rabarbara, Bijelo cvije\u0107e, Ru\u017ea<br \/>\n<strong>Bazne note: <\/strong>Vanila, Ko\u017ea, Mo\u0161us, Vetiver, Labdanum<\/p>","protected":false},"featured_media":5334,"template":"","meta":[],"product_brand":[178],"product_cat":[90,85,105],"product_tag":[203,213],"class_list":{"0":"post-5333","1":"product","2":"type-product","3":"status-publish","4":"has-post-thumbnail","6":"product_brand-lattafa","7":"product_cat-eau-de-parfum","8":"product_cat-perfumes","9":"product_cat-unisex","10":"product_tag-lattafa","11":"product_tag-teriaq-collection","13":"first","14":"instock","15":"taxable","16":"shipping-taxable","17":"purchasable","18":"product-type-variable"},"_links":{"self":[{"href":"https:\/\/zaharascents.me\/me\/wp-json\/wp\/v2\/product\/5333","targetHints":{"allow":["GET"]}}],"collection":[{"href":"https:\/\/zaharascents.me\/me\/wp-json\/wp\/v2\/product"}],"about":[{"href":"https:\/\/zaharascents.me\/me\/wp-json\/wp\/v2\/types\/product"}],"wp:featuredmedia":[{"embeddable":true,"href":"https:\/\/zaharascents.me\/me\/wp-json\/wp\/v2\/media\/5334"}],"wp:attachment":[{"href":"https:\/\/zaharascents.me\/me\/wp-json\/wp\/v2\/media?parent=5333"}],"wp:term":[{"taxonomy":"product_brand","embeddable":true,"href":"https:\/\/zaharascents.me\/me\/wp-json\/wp\/v2\/product_brand?post=5333"},{"taxonomy":"product_cat","embeddable":true,"href":"https:\/\/zaharascents.me\/me\/wp-json\/wp\/v2\/product_cat?post=5333"},{"taxonomy":"product_tag","embeddable":true,"href":"https:\/\/zaharascents.me\/me\/wp-json\/wp\/v2\/product_tag?post=5333"}],"curies":[{"name":"wp","href":"https:\/\/api.w.org\/{rel}","templated":true}]}}