{"id":5336,"date":"2026-03-26T16:24:08","date_gmt":"2026-03-26T16:24:08","guid":{"rendered":"https:\/\/zaharascents.me\/?post_type=product&#038;p=5336"},"modified":"2026-03-30T03:16:02","modified_gmt":"2026-03-30T03:16:02","slug":"lattafa-dynasty","status":"publish","type":"product","link":"https:\/\/zaharascents.me\/me\/shop\/lattafa-dynasty\/","title":{"rendered":"Lattafa Dynasty"},"content":{"rendered":"<h5>Otmena i opu\u0161taju\u0107a infuzija crvenog \u010daja i jelenske ko\u017ee<\/h5>\n<p class=\"translation-block\"><p><strong>Lattafa Dynasty<\/strong> je predivno jedinstvena, elegantno utje\u0161na parfemska voda koja potpuno redefini\u0161e moderni aromati\u010dni luksuz. Majstorski kreirana od strane poznatog parfimera Alexa Lee-ja, ova originalna kreacija skre\u0107e sa te\u0161kih, tradicionalnih ambernih profila kako bi isporu\u010dila duboko umiruju\u0107e iskustvo fokusirano na \u010daj, koje djeluje i nevjerovatno otmeno i nenaporno nosivo. Umotavaju\u0107i onog ko ga nosi u sofisticirani oblak natopljenog Rooibos \u010daja, vibrantnog \u0111umbira i nevjerovatno glatke jelenske ko\u017ee, ovo je apsolutno ultimativni parfemski potpis za one koji tra\u017ee mirno, prepoznatljivo i visoko prefinjeno prisustvo koje komanduje pa\u017enjom kroz \u010distu eleganciju.<\/p><\/p>\n<h5>Mirisni profil i kompozicija<\/h5>\n<p>Putovanje po\u010dinje trenutno podi\u017eu\u0107im, briljantno za\u010dinjenim uvodom. Vibrantni, energi\u010dni pljusak svijetlog bergamota i hrskavog \u0111umbira besprekorno je u kontrastu sa suptilnom slatko\u0107om maline i aromati\u010dnom toplinom mu\u0161katne \u017ealfije i mu\u0161katnog ora\u0161\u010di\u0107a. Ovaj dinami\u010dni, predivno slojeviti uvod trenutno budi \u010dula, uspostavljaju\u0107i duboko svje\u017e, pozivaju\u0107i i luksuzan prvi utisak.<\/p>\n<p>Kako se po\u010detni svijetli za\u010dini smiruju, srce otkriva ne\u010duveno glatko, aromati\u010dno jezgro koje potpuno krade \u0161ou. Dominantan, duboko umiruju\u0107i talas bogatog Rooibos \u010daja sliva se preko grube, skupe privla\u010dnosti meke jelenske ko\u017ee. Ova besprekorno kreirana srednja faza djeluje kao visoko-oktanski most, savr\u0161eno prevode\u0107i energi\u010dne gornje note u duboko opu\u0161taju\u0107u, sofisticiranu dubinu koja djeluje kao tihi trenutak apsolutnog luksuza.<\/p>\n<p>Prava magija doga\u0111a se u zavr\u0161nim fazama, gdje se kompozicija spu\u0161ta u izvanredno magneti\u010dnu i uzemljuju\u0107u osnovu. \u010cista, moderna rezonanca Cashmerana predivno je usidrena \u010dvrstom, klasi\u010dnom elegancijom kedrovine i u\u017earenom toplinom Amberwooda. Ovaj vi\u0161eslojni, \u010dajno-drveni fini\u0161 osigurava stabilan, nevjerovatno dugotrajan trag koji odi\u0161e \u010distim spokojem i sirovom, prirodnom senzualno\u0161\u0107u od jutra do mraka.<\/p>","protected":false},"excerpt":{"rendered":"<p><strong>LATTAFA KOLEKCIJA<\/strong><\/p>\n<p><strong>Unisex \/ Eau De Parfum \/ 100ml<\/strong><\/p>\n<p><strong>Inspiracija: <\/strong>Clive Christian L Red Tea Vetiver<\/p>\n<p><strong>Mirisni profil: <\/strong>Drvenasti, Za\u010dinski, Aromati\u010dni<\/p>\n<p><strong>Gornje note: <\/strong>Bergamot, \u0110umbir, Mu\u0161katna \u017ealfija, Malina, Mu\u0161katni ora\u0161\u010di\u0107<br \/>\n<strong>Srednje note: <\/strong>Rooibos \u010daj, Jelenska ko\u017ea<br \/>\n<strong>Bazne note: <\/strong>Kedrovina, Cashmeran, Amberwood<\/p>","protected":false},"featured_media":5337,"template":"","meta":[],"product_brand":[178],"product_cat":[90,85,105],"product_tag":[203],"class_list":{"0":"post-5336","1":"product","2":"type-product","3":"status-publish","4":"has-post-thumbnail","6":"product_brand-lattafa","7":"product_cat-eau-de-parfum","8":"product_cat-perfumes","9":"product_cat-unisex","10":"product_tag-lattafa","12":"first","13":"instock","14":"taxable","15":"shipping-taxable","16":"purchasable","17":"product-type-variable"},"_links":{"self":[{"href":"https:\/\/zaharascents.me\/me\/wp-json\/wp\/v2\/product\/5336","targetHints":{"allow":["GET"]}}],"collection":[{"href":"https:\/\/zaharascents.me\/me\/wp-json\/wp\/v2\/product"}],"about":[{"href":"https:\/\/zaharascents.me\/me\/wp-json\/wp\/v2\/types\/product"}],"wp:featuredmedia":[{"embeddable":true,"href":"https:\/\/zaharascents.me\/me\/wp-json\/wp\/v2\/media\/5337"}],"wp:attachment":[{"href":"https:\/\/zaharascents.me\/me\/wp-json\/wp\/v2\/media?parent=5336"}],"wp:term":[{"taxonomy":"product_brand","embeddable":true,"href":"https:\/\/zaharascents.me\/me\/wp-json\/wp\/v2\/product_brand?post=5336"},{"taxonomy":"product_cat","embeddable":true,"href":"https:\/\/zaharascents.me\/me\/wp-json\/wp\/v2\/product_cat?post=5336"},{"taxonomy":"product_tag","embeddable":true,"href":"https:\/\/zaharascents.me\/me\/wp-json\/wp\/v2\/product_tag?post=5336"}],"curies":[{"name":"wp","href":"https:\/\/api.w.org\/{rel}","templated":true}]}}