{"id":5339,"date":"2026-03-26T16:25:18","date_gmt":"2026-03-26T16:25:18","guid":{"rendered":"https:\/\/zaharascents.me\/?post_type=product&#038;p=5339"},"modified":"2026-03-30T03:18:40","modified_gmt":"2026-03-30T03:18:40","slug":"lattafa-atlas","status":"publish","type":"product","link":"https:\/\/zaharascents.me\/me\/shop\/lattafa-atlas\/","title":{"rendered":"Lattafa Atlas"},"content":{"rendered":"<h5>Nemilosrdni nalet tamnih okeanskih dubina<\/h5>\n<p class=\"translation-block\"><p><strong>Lattafa Atlas<\/strong> je mo\u0107na parfemska voda koja oduzima dah i potpuno redefini\u0161e kategoriju vodenih parfema. Udaljavaju\u0107i se od pristojnih, prolaznih ljetnjih citrusnih mirisa, ova monumentalna kreacija isporu\u010duje nevjerovatno gusto, gotovo prijete\u0107e morsko iskustvo koje djeluje kao stajanje na surovoj litici tokom oluje. Umotavaju\u0107i onog ko ga nosi u kolosalni oblak mrvljene morske soli, dubokih okeanskih ambisa i drevnog, vremenskim neprilikama i\u0161ibanog drveta, ovo je apsolutno ultimativni parfemski potpis za one koji zahtijevaju monstruoznu dugotrajnost, maksimalnu projekciju i zaista dominantnu, nezaboravnu auru.<\/p><\/p>\n<h5>Mirisni profil i kompozicija<\/h5>\n<p>Putovanje po\u010dinje trenutno hvataju\u0107im, hiper-realisti\u010dnim uvodom. Masivan, osna\u017euju\u0107i udar ledenih morskih nota besprekorno je poja\u010dan te\u0161kom dozom \u010diste, mrvljene soli i o\u0161trim, prodornim stiskom limuna. Ovaj dinami\u010dni, sna\u017eno vodeni uvod trenutno budi \u010dula, uspostavljaju\u0107i duboko svje\u017e, ali iznena\u0111uju\u0107e taman i komanduju\u0107i prvi utisak.<\/p>\n<p>Kako se po\u010detni plimni talas smiruje, srce otkriva ne\u010duveno duboko, teksturalno jezgro koje potpuno krade \u0161ou. Gladak, sofisticirani sloj puderastog irisa sliva se preko slatke, blago zeljaste kompleksnosti davane. Ova besprekorno kreirana srednja faza djeluje kao visoko-oktanski most, savr\u0161eno neutrali\u0161u\u0107i agresivnu slano\u0107u gornjih nota sa duboko elegantnom, aromati\u010dnom dubinom.<\/p>\n<p>Prava magija doga\u0111a se u zavr\u0161nim fazama, gdje se kompozicija spu\u0161ta u izvanredno magneti\u010dnu i uzemljuju\u0107u osnovu. Duboko bogata, mo\u0161usna rezonanca ambergrisa predivno je usidrena \u010dvrstom, klasi\u010dnom elegancijom sandalovine i zemljanim, zelenim ugrizom mahovine. Ovaj vi\u0161eslojni, morsko-drveni fini\u0161 osigurava kolosalnu projekciju koja ispunjava sobu i odi\u0161e \u010distim autoritetom i sirovom, prirodnom senzualno\u0161\u0107u od jutra pa sve do duboko u naredni dan.<\/p>","protected":false},"excerpt":{"rendered":"<p><strong>LATTAFA KOLEKCIJA<\/strong><\/p>\n<p><strong>Unisex \/ Eau De Parfum \/ 55ml<\/strong><\/p>\n<p><strong>Inspiracija: <\/strong>Orto Parisi Megamare<\/p>\n<p><strong>Mirisni profil: <\/strong>Vodeni, Morski, Drveni<\/p>\n<p><strong>Gornje note: <\/strong>Morske note, So, Limun<br \/>\n<strong>Srednje note: <\/strong>Davana, Iris<br \/>\n<strong>Bazne note: <\/strong>Ambergris, Mahovina, Sandalovina<\/p>","protected":false},"featured_media":5340,"template":"","meta":[],"product_brand":[178],"product_cat":[90,85,105],"product_tag":[203],"class_list":{"0":"post-5339","1":"product","2":"type-product","3":"status-publish","4":"has-post-thumbnail","6":"product_brand-lattafa","7":"product_cat-eau-de-parfum","8":"product_cat-perfumes","9":"product_cat-unisex","10":"product_tag-lattafa","12":"first","13":"instock","14":"taxable","15":"shipping-taxable","16":"purchasable","17":"product-type-variable"},"_links":{"self":[{"href":"https:\/\/zaharascents.me\/me\/wp-json\/wp\/v2\/product\/5339","targetHints":{"allow":["GET"]}}],"collection":[{"href":"https:\/\/zaharascents.me\/me\/wp-json\/wp\/v2\/product"}],"about":[{"href":"https:\/\/zaharascents.me\/me\/wp-json\/wp\/v2\/types\/product"}],"wp:featuredmedia":[{"embeddable":true,"href":"https:\/\/zaharascents.me\/me\/wp-json\/wp\/v2\/media\/5340"}],"wp:attachment":[{"href":"https:\/\/zaharascents.me\/me\/wp-json\/wp\/v2\/media?parent=5339"}],"wp:term":[{"taxonomy":"product_brand","embeddable":true,"href":"https:\/\/zaharascents.me\/me\/wp-json\/wp\/v2\/product_brand?post=5339"},{"taxonomy":"product_cat","embeddable":true,"href":"https:\/\/zaharascents.me\/me\/wp-json\/wp\/v2\/product_cat?post=5339"},{"taxonomy":"product_tag","embeddable":true,"href":"https:\/\/zaharascents.me\/me\/wp-json\/wp\/v2\/product_tag?post=5339"}],"curies":[{"name":"wp","href":"https:\/\/api.w.org\/{rel}","templated":true}]}}