{"id":5342,"date":"2026-03-26T16:26:19","date_gmt":"2026-03-26T16:26:19","guid":{"rendered":"https:\/\/zaharascents.me\/?post_type=product&#038;p=5342"},"modified":"2026-05-03T21:39:35","modified_gmt":"2026-05-03T21:39:35","slug":"lattafa-petra","status":"publish","type":"product","link":"https:\/\/zaharascents.me\/me\/shop\/lattafa-petra\/","title":{"rendered":"Lattafa Petra"},"content":{"rendered":"<h5>Suncem okupani liker od \u0161ljive preko kremastog kokosa<\/h5>\n<p class=\"translation-block\"><p><strong>Lattafa Petra<\/strong> je blistava, potpuno zavisna parfemska voda koja predivno hvata zlatnu toplinu mediteranskog ljeta. Udaljavaju\u0107i se od te\u0161kog ambernog drveta, ova predivno slatka kreacija isporu\u010duje bogato, tropsko-gurmansko iskustvo koje djeluje i nevjerovatno ugodno i nenaporno senzualno. Umotavaju\u0107i onog ko ga nosi u luksuzni oblak vo\u0107a sa mirisom ruma, kremastog bijelog cvije\u0107a i otopljenih pralina, ovo je apsolutno ultimativni parfemski potpis za sun\u010dana popodneva, romanti\u010dna bjekstva i \u017eene koje \u017eele da zra\u010de neodoljivim, opojnim sjajem spremnim za odmor.<\/p><\/p>\n<h5>Mirisni profil i kompozicija<\/h5>\n<p>Putovanje po\u010dinje trenutno opojnim uvodom od kog ide voda na usta. Masivan, so\u010dan talas tamne, slatke \u0161ljive besprekorno je pro\u017eet bogatom, zlatnom toplinom premium ruma. Ovaj dinami\u010dni, blago alkoholni uvod trenutno budi \u010dula, uspostavljaju\u0107i duboko pozivaju\u0107i i razigran prvi utisak.<\/p>\n<p>Kako se po\u010detna vo\u0107nost smiruje, srce otkriva ne\u010duveno glatko, cvjetno jezgro nalik nektaru koje potpuno krade \u0161ou. Gusti, puterasti sloj izuzetne tuberoze sliva se preko meke, mlije\u010dne slatko\u0107e svje\u017eeg kokosa. Ova besprekorno kreirana srednja faza djeluje kao visoko-oktanski most, savr\u0161eno prevode\u0107i gornje note natopljene rumom u duboko tropsku, sofisticiranu dubinu.<\/p>\n<p>Prava magija doga\u0111a se u zavr\u0161nim fazama, gdje se kompozicija spu\u0161ta u izvanredno magneti\u010dnu i utje\u0161nu osnovu. Duboko topla, u\u017earena rezonanca \u010diste vanile predivno je usidrena bogatstvom pralina koje podsje\u0107aju na desert i privla\u010dno\u0161\u0107u \u010distog mo\u0161usa stopljenog s ko\u017eom. Ovaj vi\u0161eslojni, sna\u017eno gurmanski fini\u0161 osigurava stabilan, nevjerovatno dugotrajan trag koji odi\u0161e \u010distom utjehom i sirovom, suncem okupanom senzualno\u0161\u0107u tokom cijelog dana.<\/p>","protected":false},"excerpt":{"rendered":"<p><strong>LATTAFA KOLEKCIJA<\/strong><\/p>\n<p><strong>Za nju \/ Eau De Parfum \/ 100ml<\/strong><\/p>\n<p><strong>Mirisni profil: <\/strong>Cvjetni, Vo\u0107ni, Gurmanski<\/p>\n<p><strong>Gornje note: <\/strong>\u0160ljiva, Rum<br \/>\n<strong>Srednje note: <\/strong>Tuberoza, Kokos<br \/>\n<strong>Bazne note: <\/strong>Praline, Vanila, Mo\u0161us<\/p>","protected":false},"featured_media":5343,"template":"","meta":[],"product_brand":[178],"product_cat":[90,104,85],"product_tag":[203],"class_list":{"0":"post-5342","1":"product","2":"type-product","3":"status-publish","4":"has-post-thumbnail","6":"product_brand-lattafa","7":"product_cat-eau-de-parfum","8":"product_cat-for-her","9":"product_cat-perfumes","10":"product_tag-lattafa","12":"first","13":"instock","14":"taxable","15":"shipping-taxable","16":"purchasable","17":"product-type-variable"},"_links":{"self":[{"href":"https:\/\/zaharascents.me\/me\/wp-json\/wp\/v2\/product\/5342","targetHints":{"allow":["GET"]}}],"collection":[{"href":"https:\/\/zaharascents.me\/me\/wp-json\/wp\/v2\/product"}],"about":[{"href":"https:\/\/zaharascents.me\/me\/wp-json\/wp\/v2\/types\/product"}],"wp:featuredmedia":[{"embeddable":true,"href":"https:\/\/zaharascents.me\/me\/wp-json\/wp\/v2\/media\/5343"}],"wp:attachment":[{"href":"https:\/\/zaharascents.me\/me\/wp-json\/wp\/v2\/media?parent=5342"}],"wp:term":[{"taxonomy":"product_brand","embeddable":true,"href":"https:\/\/zaharascents.me\/me\/wp-json\/wp\/v2\/product_brand?post=5342"},{"taxonomy":"product_cat","embeddable":true,"href":"https:\/\/zaharascents.me\/me\/wp-json\/wp\/v2\/product_cat?post=5342"},{"taxonomy":"product_tag","embeddable":true,"href":"https:\/\/zaharascents.me\/me\/wp-json\/wp\/v2\/product_tag?post=5342"}],"curies":[{"name":"wp","href":"https:\/\/api.w.org\/{rel}","templated":true}]}}