{"id":5345,"date":"2026-03-26T16:28:24","date_gmt":"2026-03-26T16:28:24","guid":{"rendered":"https:\/\/zaharascents.me\/?post_type=product&#038;p=5345"},"modified":"2026-04-04T01:30:39","modified_gmt":"2026-04-04T01:30:39","slug":"lattafa-mayar","status":"publish","type":"product","link":"https:\/\/zaharascents.me\/me\/shop\/lattafa-mayar\/","title":{"rendered":"Lattafa Mayar"},"content":{"rendered":"<h5>Vibrantni nektar od maline preko zale\u0111enog bo\u017eura<\/h5>\n<p class=\"translation-block\"><p><strong>Lattafa Mayar<\/strong> je beskompromisno vibrantna parfemska voda puna energije koja potpuno hvata su\u0161tinu iskri\u010davog ljetnjeg jutra. Udaljavaju\u0107i se od te\u0161kog ambernog drveta ili gustih gurmanskih nota, ova monumentalna kreacija isporu\u010duje nevjerovatno so\u010dno, kiselkasto i osvje\u017eavaju\u0107e iskustvo koje djeluje i razigrano i neustra\u0161ivo moderno. Umotavaju\u0107i onog ko ga nosi u masivni oblak egzoti\u010dnog li\u010dija, zgnje\u010denih malina i mekog rascvjetalog cvije\u0107a, ovo je apsolutno ultimativni parfemski potpis za toplo vrijeme, dnevne avanture i \u017eene koje \u017eele da zra\u010de intenzivno veselom, magneti\u010dnom aurom.<\/p><\/p>\n<h5>Mirisni profil i kompozicija<\/h5>\n<p>Putovanje po\u010dinje hiper-vo\u0107nim uvodom od kog trenutno ide voda na usta. Masivni, energi\u010dni pljusak kiselkaste maline besprekorno je isprepleten sa egzoti\u010dnom, so\u010dnom slatko\u0107om li\u010dija i zelenom, ozonskom hrskavo\u0161\u0107u lista ljubi\u010dice. Ovaj dinami\u010dni, predivno o\u0161tri uvod trenutno budi \u010dula, uspostavljaju\u0107i duboko vibrantan i podi\u017eu\u0107i prvi utisak.<\/p>\n<p>Kako se po\u010detna vo\u0107nost smiruje, srce otkriva ne\u010duveno glatko jezgro meko poput latica koje potpuno krade \u0161ou. Bujni, romanti\u010dni sloj svje\u017eeg bo\u017eura sliva se preko klasi\u010dne, sofisticirane elegancije bijele ru\u017ee i jasmina. Ova besprekorno kreirana srednja faza djeluje kao visoko-oktanski most, savr\u0161eno prevode\u0107i agresivne, kiselkaste gornje note u duboko \u017eenstvenu, rascvjetalu dubinu.<\/p>\n<p>Prava magija doga\u0111a se u zavr\u0161nim fazama, gdje se kompozicija spu\u0161ta u izvanredno magneti\u010dnu i dugotrajnu osnovu. Duboko \u010dista, u\u017earena rezonanca bijelog mo\u0161usa predivno je usidrena utje\u0161nom, blago slatkom toplinom \u010diste vanile. Ovaj vi\u0161eslojni, vo\u0107no-mo\u0161usni fini\u0161 osigurava kolosalnu projekciju koja ispunjava sobu i odi\u0161e \u010distom vitalno\u0161\u0107u i sirovom, prirodnom senzualno\u0161\u0107u tokom cijelog dana.<\/p>","protected":false},"excerpt":{"rendered":"<p><strong>MAYAR KOLEKCIJA<\/strong><\/p>\n<p><strong>Za nju \/ Eau De Parfum \/ 100ml<\/strong><\/p>\n<p><strong>Inspiracija: <\/strong>Mugler Angel Nova<\/p>\n<p><strong>Mirisni profil: <\/strong>Vo\u0107ni, Cvjetni, Mo\u0161usni<\/p>\n<p><strong>Gornje note: <\/strong>Malina, Li\u010di, List ljubi\u010dice<br \/>\n<strong>Srednje note: <\/strong>Bo\u017eur, Bijela ru\u017ea, Jasmin<br \/>\n<strong>Bazne note: <\/strong>Vanila, Bijeli mo\u0161us<\/p>","protected":false},"featured_media":5346,"template":"","meta":[],"product_brand":[178],"product_cat":[90,104,85],"product_tag":[203,214],"class_list":{"0":"post-5345","1":"product","2":"type-product","3":"status-publish","4":"has-post-thumbnail","6":"product_brand-lattafa","7":"product_cat-eau-de-parfum","8":"product_cat-for-her","9":"product_cat-perfumes","10":"product_tag-lattafa","11":"product_tag-mayar-collection","13":"first","14":"instock","15":"taxable","16":"shipping-taxable","17":"purchasable","18":"product-type-variable"},"_links":{"self":[{"href":"https:\/\/zaharascents.me\/me\/wp-json\/wp\/v2\/product\/5345","targetHints":{"allow":["GET"]}}],"collection":[{"href":"https:\/\/zaharascents.me\/me\/wp-json\/wp\/v2\/product"}],"about":[{"href":"https:\/\/zaharascents.me\/me\/wp-json\/wp\/v2\/types\/product"}],"wp:featuredmedia":[{"embeddable":true,"href":"https:\/\/zaharascents.me\/me\/wp-json\/wp\/v2\/media\/5346"}],"wp:attachment":[{"href":"https:\/\/zaharascents.me\/me\/wp-json\/wp\/v2\/media?parent=5345"}],"wp:term":[{"taxonomy":"product_brand","embeddable":true,"href":"https:\/\/zaharascents.me\/me\/wp-json\/wp\/v2\/product_brand?post=5345"},{"taxonomy":"product_cat","embeddable":true,"href":"https:\/\/zaharascents.me\/me\/wp-json\/wp\/v2\/product_cat?post=5345"},{"taxonomy":"product_tag","embeddable":true,"href":"https:\/\/zaharascents.me\/me\/wp-json\/wp\/v2\/product_tag?post=5345"}],"curies":[{"name":"wp","href":"https:\/\/api.w.org\/{rel}","templated":true}]}}