{"id":5354,"date":"2026-03-26T16:23:25","date_gmt":"2026-03-26T16:23:25","guid":{"rendered":"https:\/\/zaharascents.me\/?post_type=product&#038;p=5354"},"modified":"2026-05-12T00:18:23","modified_gmt":"2026-05-12T00:18:23","slug":"lattafa-teriaq-intense","status":"publish","type":"product","link":"https:\/\/zaharascents.me\/me\/shop\/lattafa-teriaq-intense\/","title":{"rendered":"Lattafa Teriaq Intense"},"content":{"rendered":"<h5>Odva\u017eni napitak od za\u010dinjene \u0161ljive i bogatih smola<\/h5>\n<p class=\"translation-block\"><p><strong>Lattafa Teriaq Intense<\/strong> je hrabra, duboko sofisticirana parfemska voda koja oduzima dah i redefini\u0161e moderni amberni luksuz. Ponovo kreirana od strane maestralnog nosa Quentina Bischa, ova zadivljuju\u0107a kreacija skre\u0107e od te\u0161kih, \u0161e\u0107ernih gurmana svog prethodnika kako bi isporu\u010dila opojno, alkoholno i duboko za\u010dinjeno iskustvo. Umotavaju\u0107i onog ko ga nosi u masivni, rasko\u0161ni oblak bogatog likera od \u0161ljive, egzoti\u010dnog \u0161afrana i tinjaju\u0107ih smola, ovo je apsolutno ultimativni parfemski potpis za ekskluzivne ve\u010dernje doga\u0111aje, ledene zimske no\u0107i i one koji zahtijevaju komanduju\u0107e, nezaboravno prisustvo.<\/p><\/p>\n<h5>Mirisni profil i kompozicija<\/h5>\n<p>Putovanje po\u010dinje trenutno hvataju\u0107im, o\u0161tro luksuznim uvodom. Vibrantni, energi\u010dni pljusak svijetlog bergamota besprekorno je u kontrastu sa egzoti\u010dnom, zlatnom toplinom premium \u0161afrana. Ovaj dinami\u010dni, blago metalik uvod trenutno budi \u010dula, uspostavljaju\u0107i duboko bogat i misteriozan prvi utisak.<\/p>\n<p>Kako se po\u010detna blistavost smiruje, srce otkriva ne\u010duveno glatko, alkoholno jezgro koje potpuno krade \u0161ou. Gusti, tamni sloj bogatog likera od \u0161ljive sliva se preko utje\u0161ne, dimljene topline mljevenog cimeta. Ova besprekorno kreirana srednja faza djeluje kao visoko-oktanski most, savr\u0161eno prevode\u0107i o\u0161tre gornje note u duboko opojnu, no\u0107nu dubinu.<\/p>\n<p>Prava magija doga\u0111a se u zavr\u0161nim fazama, gdje se kompozicija spu\u0161ta u izvanredno magneti\u010dnu i komanduju\u0107u osnovu. Duboko topla, u\u017earena rezonanca zlatnog ambera predivno je usidrena kremastom, pr\u017eenom dubinom Tonke i slatkim, balzamastim bogatstvom benzoina. Ovaj vi\u0161eslojni, smolasti fini\u0161 osigurava kolosalnu projekciju koja ispunjava sobu i odi\u0161e \u010distim autoritetom i sirovom senzualno\u0161\u0107u od sumraka do zore.<\/p>","protected":false},"excerpt":{"rendered":"<p><strong>TERIAQ COLLECTION<\/strong><\/p>\n<p><strong>Unisex \/ Eau De Parfum \/ 100ml<\/strong><\/p>\n<p><strong>Mirisni profil: <\/strong>Amberni, Za\u010dinski., Gurmanski<\/p>\n<p><strong>Gornje note: <\/strong>\u0160afran, Bergamot<br \/>\n<strong>Srednje note: <\/strong>Liker od \u0161ljive, Cimet<br \/>\n<strong>Bazne note: <\/strong>Amber, Tonka Bean, Benzoin<\/p>","protected":false},"featured_media":5355,"template":"","meta":[],"product_brand":[178],"product_cat":[90,85,105],"product_tag":[203,213],"class_list":{"0":"post-5354","1":"product","2":"type-product","3":"status-publish","4":"has-post-thumbnail","6":"product_brand-lattafa","7":"product_cat-eau-de-parfum","8":"product_cat-perfumes","9":"product_cat-unisex","10":"product_tag-lattafa","11":"product_tag-teriaq-collection","13":"first","14":"outofstock","15":"taxable","16":"shipping-taxable","17":"purchasable","18":"product-type-variable"},"_links":{"self":[{"href":"https:\/\/zaharascents.me\/me\/wp-json\/wp\/v2\/product\/5354","targetHints":{"allow":["GET"]}}],"collection":[{"href":"https:\/\/zaharascents.me\/me\/wp-json\/wp\/v2\/product"}],"about":[{"href":"https:\/\/zaharascents.me\/me\/wp-json\/wp\/v2\/types\/product"}],"wp:featuredmedia":[{"embeddable":true,"href":"https:\/\/zaharascents.me\/me\/wp-json\/wp\/v2\/media\/5355"}],"wp:attachment":[{"href":"https:\/\/zaharascents.me\/me\/wp-json\/wp\/v2\/media?parent=5354"}],"wp:term":[{"taxonomy":"product_brand","embeddable":true,"href":"https:\/\/zaharascents.me\/me\/wp-json\/wp\/v2\/product_brand?post=5354"},{"taxonomy":"product_cat","embeddable":true,"href":"https:\/\/zaharascents.me\/me\/wp-json\/wp\/v2\/product_cat?post=5354"},{"taxonomy":"product_tag","embeddable":true,"href":"https:\/\/zaharascents.me\/me\/wp-json\/wp\/v2\/product_tag?post=5354"}],"curies":[{"name":"wp","href":"https:\/\/api.w.org\/{rel}","templated":true}]}}